{"id":14404,"date":"2021-09-23T09:15:17","date_gmt":"2021-09-23T07:15:17","guid":{"rendered":"http:\/\/api-wordpress-dot-mammafitness.appspot.com\/?page_id=14404"},"modified":"2021-09-23T09:15:17","modified_gmt":"2021-09-23T07:15:17","slug":"om-oss","status":"publish","type":"page","link":"https:\/\/trainimal.com\/uk\/om-oss\/","title":{"rendered":"Om oss"},"content":{"rendered":"\n<h2 class=\"wp-block-heading\">Allt b\u00f6rjade med tre mammor p\u00e5 Djurg\u00e5rden..<\/h2>\n\n\n\n<div class=\"wp-block-columns is-layout-flex wp-container-core-columns-is-layout-9d6595d7 wp-block-columns-is-layout-flex\">\n<div class=\"wp-block-column is-layout-flow wp-block-column-is-layout-flow\">\n<p>Id\u00e9n till MammaFitness f\u00f6ddes redan 2004. Som nybakad PT och nyanst\u00e4lld p\u00e5 gymmet s\u00e5g jag genast det stora behovet m\u00e5nga som mammor hade. Jag beh\u00f6vde inte g\u00e5 l\u00e5ngt, jag var redan 3 barnsmamma d\u00e5 och kunde relatera till vad varje mamma g\u00e5tt igenom och att det saknades kunskaper inom mammatr\u00e4ning. Jag tog saken i egna h\u00e4nder och blev Sveriges f\u00f6rsta mammatr\u00e4nare.<\/p>\n\n\n\n<p>Den digitala versionen av MammaFitness uppstod strax efter att mina tvillingar f\u00f6ddes. Nu var det upp till bevis, att praktiskt visa att det jag l\u00e4rde ut till andra mammor fungerade \u00e4ven p\u00e5 mig. Jag gav mig sj\u00e4lv ett \u00e5r och kom i den b\u00e4sta form jag n\u00e5gonsin varit. Jag var starkare, hade mycket mer energi \u00e4n tidigare och var redo f\u00f6r nya utmaningar. Men tvillingarna kr\u00e4vde ju sitt s\u00e5 jag planerade att vara hemma extra l\u00e4nge.<\/p>\n\n\n\n<p>Det tyckte inte mina kunder var n\u00e5gon bra id\u00e9, de v\u00e4ntade ot\u00e5ligt p\u00e5 att jag skulle komma tillbaka och forts\u00e4tta tr\u00e4na dem. Jag f\u00f6reslog att jag skulle ge dem tr\u00e4ningsprogram per mejl och att de skulle rapportera sina framsteg. Det fungerade och sn\u00f6bollen var i rullning. Kundernas v\u00e4nner h\u00f6rde av sig, v\u00e4nnernas v\u00e4nner\u2026 jag drunknade i mail, bilder och filmer. L\u00f6sningen p\u00e5 kaoset var att vi skapade en unik sajt f\u00f6r att kunna hantera onlinetr\u00e4ning p\u00e5 ett effektivt men \u00e4nd\u00e5 personligt s\u00e4tt.<\/p>\n\n\n\n<p>Idag har vi blivit den ledande digitala akt\u00f6ren inom tr\u00e4ning och kost f\u00f6r mammor och har hj\u00e4lpt \u00f6ver 30.000 kvinnor!<\/p>\n\n\n\n<p>MammaFitness har vuxit till 30 tr\u00e4nare och kostr\u00e5dgivare, tusentals och \u00e5ter tusentals n\u00f6jda mammor bekr\u00e4ftar att vi \u00e4r p\u00e5 r\u00e4tt sp\u00e5r och vi forts\u00e4tter utvecklas i v\u00e5r ambition att vara en naturlig del av mammornas liv.<\/p>\n\n\n\n<h4 class=\"wp-block-heading\">V\u00e4lkommen till MammaFitness!<\/h4>\n<\/div>\n\n\n\n<div class=\"wp-block-column is-layout-flow wp-block-column-is-layout-flow\">\n<figure class=\"wp-block-image size-large\"><img decoding=\"async\" src=\"https:\/\/storage.googleapis.com\/mammafitness\/public\/web\/images\/olga.jpg\" alt=\"\" \/><figcaption>Grundare Olga R\u00f6nnberg<\/figcaption><\/figure>\n<\/div>\n<\/div>\n\n\n\n<p><\/p>\n","protected":false},"excerpt":{"rendered":"<p>Allt b\u00f6rjade med tre mammor p\u00e5 Djurg\u00e5rden.. Id\u00e9n till MammaFitness f\u00f6ddes redan 2004. Som nybakad PT och nyanst\u00e4lld p\u00e5 gymmet s\u00e5g jag genast det stora behovet m\u00e5nga som mammor hade.&hellip;<\/p>\n","protected":false},"author":1,"featured_media":0,"parent":0,"menu_order":0,"comment_status":"closed","ping_status":"closed","template":"","meta":{"_acf_changed":false,"editor_notices":[],"footnotes":""},"class_list":["post-14404","page","type-page","status-publish","hentry"],"acf":{"metaTitle":"","metaDesc":""},"yoast_head":"<!-- This site is optimized with the Yoast SEO plugin v27.5 - https:\/\/yoast.com\/product\/yoast-seo-wordpress\/ -->\n<title>Om oss - Trainimal UK<\/title>\n<meta name=\"robots\" content=\"index, follow, max-snippet:-1, max-image-preview:large, max-video-preview:-1\" \/>\n<link rel=\"canonical\" href=\"https:\/\/trainimal.com\/uk\/om-oss\/\" \/>\n<meta property=\"og:locale\" content=\"en_GB\" \/>\n<meta property=\"og:type\" content=\"article\" \/>\n<meta property=\"og:title\" content=\"Om oss - Trainimal UK\" \/>\n<meta property=\"og:description\" content=\"Allt b\u00f6rjade med tre mammor p\u00e5 Djurg\u00e5rden.. Id\u00e9n till MammaFitness f\u00f6ddes redan 2004. Som nybakad PT och nyanst\u00e4lld p\u00e5 gymmet s\u00e5g jag genast det stora behovet m\u00e5nga som mammor hade.&hellip;\" \/>\n<meta property=\"og:url\" content=\"https:\/\/trainimal.com\/uk\/om-oss\/\" \/>\n<meta property=\"og:site_name\" content=\"Trainimal UK\" \/>\n<meta property=\"og:image\" content=\"https:\/\/storage.googleapis.com\/mammafitness\/public\/web\/images\/olga.jpg\" \/>\n<meta name=\"twitter:card\" content=\"summary_large_image\" \/>\n<meta name=\"twitter:label1\" content=\"Estimated reading time\" \/>\n\t<meta name=\"twitter:data1\" content=\"2 minutes\" \/>\n<script type=\"application\/ld+json\" class=\"yoast-schema-graph\">{\"@context\":\"https:\\\/\\\/schema.org\",\"@graph\":[{\"@type\":\"WebPage\",\"@id\":\"https:\\\/\\\/trainimal.com\\\/uk\\\/om-oss\\\/\",\"url\":\"https:\\\/\\\/trainimal.com\\\/uk\\\/om-oss\\\/\",\"name\":\"Om oss - Trainimal UK\",\"isPartOf\":{\"@id\":\"https:\\\/\\\/trainimal.com\\\/uk\\\/#website\"},\"primaryImageOfPage\":{\"@id\":\"https:\\\/\\\/trainimal.com\\\/uk\\\/om-oss\\\/#primaryimage\"},\"image\":{\"@id\":\"https:\\\/\\\/trainimal.com\\\/uk\\\/om-oss\\\/#primaryimage\"},\"thumbnailUrl\":\"https:\\\/\\\/storage.googleapis.com\\\/mammafitness\\\/public\\\/web\\\/images\\\/olga.jpg\",\"datePublished\":\"2021-09-23T07:15:17+00:00\",\"breadcrumb\":{\"@id\":\"https:\\\/\\\/trainimal.com\\\/uk\\\/om-oss\\\/#breadcrumb\"},\"inLanguage\":\"en-GB\",\"potentialAction\":[{\"@type\":\"ReadAction\",\"target\":[\"https:\\\/\\\/trainimal.com\\\/uk\\\/om-oss\\\/\"]}]},{\"@type\":\"ImageObject\",\"inLanguage\":\"en-GB\",\"@id\":\"https:\\\/\\\/trainimal.com\\\/uk\\\/om-oss\\\/#primaryimage\",\"url\":\"https:\\\/\\\/storage.googleapis.com\\\/mammafitness\\\/public\\\/web\\\/images\\\/olga.jpg\",\"contentUrl\":\"https:\\\/\\\/storage.googleapis.com\\\/mammafitness\\\/public\\\/web\\\/images\\\/olga.jpg\"},{\"@type\":\"BreadcrumbList\",\"@id\":\"https:\\\/\\\/trainimal.com\\\/uk\\\/om-oss\\\/#breadcrumb\",\"itemListElement\":[{\"@type\":\"ListItem\",\"position\":1,\"name\":\"Home\",\"item\":\"https:\\\/\\\/trainimal.com\\\/uk\\\/\"},{\"@type\":\"ListItem\",\"position\":2,\"name\":\"Om oss\"}]},{\"@type\":\"WebSite\",\"@id\":\"https:\\\/\\\/trainimal.com\\\/uk\\\/#website\",\"url\":\"https:\\\/\\\/trainimal.com\\\/uk\\\/\",\"name\":\"Trainimal UK\",\"description\":\"\",\"publisher\":{\"@id\":\"https:\\\/\\\/trainimal.com\\\/uk\\\/#organization\"},\"potentialAction\":[{\"@type\":\"SearchAction\",\"target\":{\"@type\":\"EntryPoint\",\"urlTemplate\":\"https:\\\/\\\/trainimal.com\\\/uk\\\/?s={search_term_string}\"},\"query-input\":{\"@type\":\"PropertyValueSpecification\",\"valueRequired\":true,\"valueName\":\"search_term_string\"}}],\"inLanguage\":\"en-GB\"},{\"@type\":\"Organization\",\"@id\":\"https:\\\/\\\/trainimal.com\\\/uk\\\/#organization\",\"name\":\"Trainimal UK\",\"url\":\"https:\\\/\\\/trainimal.com\\\/uk\\\/\",\"logo\":{\"@type\":\"ImageObject\",\"inLanguage\":\"en-GB\",\"@id\":\"https:\\\/\\\/trainimal.com\\\/uk\\\/#\\\/schema\\\/logo\\\/image\\\/\",\"url\":\"https:\\\/\\\/trainimal.com\\\/app\\\/uploads\\\/sites\\\/2\\\/2022\\\/04\\\/trainimalWMN_logo_black.svg\",\"contentUrl\":\"https:\\\/\\\/trainimal.com\\\/app\\\/uploads\\\/sites\\\/2\\\/2022\\\/04\\\/trainimalWMN_logo_black.svg\",\"width\":1500,\"height\":500,\"caption\":\"Trainimal UK\"},\"image\":{\"@id\":\"https:\\\/\\\/trainimal.com\\\/uk\\\/#\\\/schema\\\/logo\\\/image\\\/\"}}]}<\/script>\n<!-- \/ Yoast SEO plugin. -->","yoast_head_json":{"title":"Om oss - Trainimal UK","robots":{"index":"index","follow":"follow","max-snippet":"max-snippet:-1","max-image-preview":"max-image-preview:large","max-video-preview":"max-video-preview:-1"},"canonical":"https:\/\/trainimal.com\/uk\/om-oss\/","og_locale":"en_GB","og_type":"article","og_title":"Om oss - Trainimal UK","og_description":"Allt b\u00f6rjade med tre mammor p\u00e5 Djurg\u00e5rden.. Id\u00e9n till MammaFitness f\u00f6ddes redan 2004. Som nybakad PT och nyanst\u00e4lld p\u00e5 gymmet s\u00e5g jag genast det stora behovet m\u00e5nga som mammor hade.&hellip;","og_url":"https:\/\/trainimal.com\/uk\/om-oss\/","og_site_name":"Trainimal UK","og_image":[{"url":"https:\/\/storage.googleapis.com\/mammafitness\/public\/web\/images\/olga.jpg","type":"","width":"","height":""}],"twitter_card":"summary_large_image","twitter_misc":{"Estimated reading time":"2 minutes"},"schema":{"@context":"https:\/\/schema.org","@graph":[{"@type":"WebPage","@id":"https:\/\/trainimal.com\/uk\/om-oss\/","url":"https:\/\/trainimal.com\/uk\/om-oss\/","name":"Om oss - Trainimal UK","isPartOf":{"@id":"https:\/\/trainimal.com\/uk\/#website"},"primaryImageOfPage":{"@id":"https:\/\/trainimal.com\/uk\/om-oss\/#primaryimage"},"image":{"@id":"https:\/\/trainimal.com\/uk\/om-oss\/#primaryimage"},"thumbnailUrl":"https:\/\/storage.googleapis.com\/mammafitness\/public\/web\/images\/olga.jpg","datePublished":"2021-09-23T07:15:17+00:00","breadcrumb":{"@id":"https:\/\/trainimal.com\/uk\/om-oss\/#breadcrumb"},"inLanguage":"en-GB","potentialAction":[{"@type":"ReadAction","target":["https:\/\/trainimal.com\/uk\/om-oss\/"]}]},{"@type":"ImageObject","inLanguage":"en-GB","@id":"https:\/\/trainimal.com\/uk\/om-oss\/#primaryimage","url":"https:\/\/storage.googleapis.com\/mammafitness\/public\/web\/images\/olga.jpg","contentUrl":"https:\/\/storage.googleapis.com\/mammafitness\/public\/web\/images\/olga.jpg"},{"@type":"BreadcrumbList","@id":"https:\/\/trainimal.com\/uk\/om-oss\/#breadcrumb","itemListElement":[{"@type":"ListItem","position":1,"name":"Home","item":"https:\/\/trainimal.com\/uk\/"},{"@type":"ListItem","position":2,"name":"Om oss"}]},{"@type":"WebSite","@id":"https:\/\/trainimal.com\/uk\/#website","url":"https:\/\/trainimal.com\/uk\/","name":"Trainimal UK","description":"","publisher":{"@id":"https:\/\/trainimal.com\/uk\/#organization"},"potentialAction":[{"@type":"SearchAction","target":{"@type":"EntryPoint","urlTemplate":"https:\/\/trainimal.com\/uk\/?s={search_term_string}"},"query-input":{"@type":"PropertyValueSpecification","valueRequired":true,"valueName":"search_term_string"}}],"inLanguage":"en-GB"},{"@type":"Organization","@id":"https:\/\/trainimal.com\/uk\/#organization","name":"Trainimal UK","url":"https:\/\/trainimal.com\/uk\/","logo":{"@type":"ImageObject","inLanguage":"en-GB","@id":"https:\/\/trainimal.com\/uk\/#\/schema\/logo\/image\/","url":"https:\/\/trainimal.com\/app\/uploads\/sites\/2\/2022\/04\/trainimalWMN_logo_black.svg","contentUrl":"https:\/\/trainimal.com\/app\/uploads\/sites\/2\/2022\/04\/trainimalWMN_logo_black.svg","width":1500,"height":500,"caption":"Trainimal UK"},"image":{"@id":"https:\/\/trainimal.com\/uk\/#\/schema\/logo\/image\/"}}]}},"_links":{"self":[{"href":"https:\/\/trainimal.com\/uk\/wp-json\/wp\/v2\/pages\/14404","targetHints":{"allow":["GET"]}}],"collection":[{"href":"https:\/\/trainimal.com\/uk\/wp-json\/wp\/v2\/pages"}],"about":[{"href":"https:\/\/trainimal.com\/uk\/wp-json\/wp\/v2\/types\/page"}],"author":[{"embeddable":true,"href":"https:\/\/trainimal.com\/uk\/wp-json\/wp\/v2\/users\/1"}],"replies":[{"embeddable":true,"href":"https:\/\/trainimal.com\/uk\/wp-json\/wp\/v2\/comments?post=14404"}],"version-history":[{"count":0,"href":"https:\/\/trainimal.com\/uk\/wp-json\/wp\/v2\/pages\/14404\/revisions"}],"wp:attachment":[{"href":"https:\/\/trainimal.com\/uk\/wp-json\/wp\/v2\/media?parent=14404"}],"curies":[{"name":"wp","href":"https:\/\/api.w.org\/{rel}","templated":true}]}}